{"id":1048,"date":"2015-08-31T01:19:44","date_gmt":"2015-08-31T01:19:44","guid":{"rendered":"https:\/\/gaiaholistic.com\/?page_id=1048"},"modified":"2015-08-31T04:12:17","modified_gmt":"2015-08-31T04:12:17","slug":"spinicio","status":"publish","type":"page","link":"https:\/\/gaiaholistic.com\/?page_id=1048","title":{"rendered":"<span style=\"display:none\">SP<\/span><span style=\"font-size:19pt\">GAIA significa Diosa de la Tierra en griego antiguo,<br \/>o nuestra Madre Planeta Tierra como un ser viviente.<\/span>"},"content":{"rendered":"<div class=\"article-p\">\nGaia Holistic Health, una organizaci\u00f3n sin fines de lucro, fue formada por gente cari\u00f1osa, compasiva y sin ego a ra\u00edz de la tragedia del World Trade Center el 11 de Septiembre de 2001.\n<\/div>\n<div class=\"article-p\">\nGaia significa Madre Tierra en griego. Hol\u00edstica se deriva de una palabra griega \u2018holos\u2019, que es el origen de palabras tales como &#8220;sanar&#8221;, &#8220;salud&#8221;, &#8220;santo&#8221;, &#8220;todo&#8221; etc. Creemos &#8220;feliz&#8221; y &#8220;armon\u00eda&#8221; puede encajar en esta categor\u00eda. &#8216;Medicina hol\u00edstica&#8217; se utiliza a menudo como sin\u00f3nimo de &#8216;medicina alternativa&#8217;, pero la palabra &#8220;alternativa&#8221; significa simplemente una manera alternativa a la medicina occidental. La Manera Hol\u00edstica de la vida es entender que son tanto una parte y un microcosmo del universo. Usted est\u00e1 sostenido por el universo y la naturaleza por estar en armon\u00eda con ellos y despu\u00e9s de su ley. Esa es la esencia de la medicina hol\u00edstica. En Gaia Holistic Health seguimos este principio de compasi\u00f3n por todos los seres sintientes.\n<\/div>\n<div class=\"article-p\">\nVisualizamos el d\u00eda en que la paz, la armon\u00eda, la compasi\u00f3n, la salud y la felicidad universal reinan , entre todos los pueblos y todos los seres, libre de sufrimiento, en nuestra Madre Planeta Tierra.\n<\/div>\n<p>&nbsp;<\/p>\n<h2>SOBRE LA DRA. KAZUKO<\/h2>\n<div class=\"article-p\">\n<img loading=\"lazy\" decoding=\"async\" class=\"alignleft\" style=\"margin:20px 15px 10px 0;\" alt=\"\" src=\"https:\/\/gaiaholistic.com\/wp-content\/themes\/gaiaholistichealth\/images\/img.jpg\" width=\"137\" height=\"145\" \/><br \/>\nEl motor de la Gaia Hol\u00edstica Inc, la Dra. Kazuko Tatsumura Hillyer, naci\u00f3 en una familia distinguida de edad de la seda en Kyoto Jap\u00f3n, que vive en la ciudad de Nueva York desde 1961. Ella es una reconocida fil\u00e1ntropo internacional, as\u00ed como una mujer de negocios exitosa . Ella ha sido instrumental en ayudar a muchas organizaciones dignas. Su incansable trabajo de toda la vida en el campo filantr\u00f3pico es enorme y bien conocido, que van desde un movimiento que encabez\u00f3 para salvar el hist\u00f3rico Teatro Beacon de Nueva York de la demolici\u00f3n, fundando &#8220;Save the Boat People&#8221;, una organizaci\u00f3n dedicada a la dif\u00edcil situaci\u00f3n de la refugiados asi\u00e1ticos, la construcci\u00f3n de una escuela para Manjushree tibetana orfanato en el Himalaya y muchos otros. Ella ha donado un sinn\u00famero de horas, el conocimiento y los fondos a las tragedias del mundo para el hurac\u00e1n devastador en Nueva Orleans causada por el hurac\u00e1n Katrina, el terremoto en Hait\u00ed, el tsunami y el terremoto en el norte de Jap\u00f3n, el SIDA y el VIH positivo en ni\u00f1os en \u00c1frica, las personas sin hogar en la ciudad de Nueva York, para nombrar unos pocos. Su trabajo dedicado para T\u00edbet y los ni\u00f1os tibetanos sigue siendo muy fuerte en su coraz\u00f3n. Ella escribe libros, conferencias y seminarios que hace y ense\u00f1a por todo el mundo. Ella es una socia de la Junta de Hu\u00e9rfanos Internacional Mundial y el Tibet House USA, entre otros. Ella ha desarrollado un dispositivo de mano Rayos Infrarrojos Lejanos, un m\u00e9todo de curaci\u00f3n totalmente no evasivo llamado TERAPIA ONNETSU y actualmente est\u00e1 ayudando a muchas personas con enfermedades \u201cincurables\u201d a trav\u00e9s del mundo, as\u00ed como la promoci\u00f3n de la salud en general.\n<\/div>\n<p>&nbsp;<br \/>\n<a href=\"https:\/\/gaiaholistic.com\/?page_id=13\" class=\"readmore\">READ MORE<\/a><br \/>\n<br \/>&nbsp;<\/p>\n<h2 class=\"heading\">Latest News<\/h2>\n<p><a href=\"https:\/\/gaiaholistic.com\/?p=35\">Coming up Onnetsu seminars in this year<\/a><br \/>\n<a href=\"https:\/\/gaiaholistic.com\/?p=33\">Upcoming 25th Anniversary Okido \/ Shinkiko Annual International Retreat Seminar<\/a><br \/>\n<br \/>&nbsp;<\/p>\n<div style=\"position:relative\">\n<div style=\"width:100%; position:absolute; top:80px; color:#FFF; font-weight:bold; text-align:center; line-height:12pt;\">\n     A CATALYST FOR PERSONAL, SOCIAL, <BR \/>CULTURAL AND SPIRITUAL TRANSFORMATION.\n  <\/div>\n<div style=\"position:absolute; top:70px; left:220px; width:140px; height:50px; border-bottom:solid thin #FFF; border-top:solid thin #FFF;\"><\/div>\n<p>  <img loading=\"lazy\" decoding=\"async\" src=\"https:\/\/gaiaholistic.com\/wp-content\/themes\/gaiaholistichealth\/images\/img.png\" alt=\"\" width=\"657\" height=\"210\">\n<\/div>\n<p>&nbsp;<br \/>\n<br \/>&nbsp;<\/p>\n<p><img decoding=\"async\" src=\"https:\/\/gaiaholistic.com\/wp-content\/uploads\/2013\/03\/img011.png\" alt=\"img01\" style=\"width:484px; height:421px; position:absolute; top:-250px; right:-50px;\" \/><\/p>\n","protected":false},"excerpt":{"rendered":"<p>Gaia Holistic Health, una organizaci\u00f3n sin fines de lucro, fue formada por gente cari\u00f1osa, compasiva y sin ego a ra\u00edz de la tragedia del World Trade Center el 11 de Septiembre de 2001. Gaia significa Madre Tierra en griego. Hol\u00edstica se deriva de una palabra griega \u2018holos\u2019, que es el origen de palabras tales como [&hellip;]<\/p>\n","protected":false},"author":1,"featured_media":0,"parent":0,"menu_order":0,"comment_status":"closed","ping_status":"closed","template":"","meta":{"footnotes":""},"_links":{"self":[{"href":"https:\/\/gaiaholistic.com\/index.php?rest_route=\/wp\/v2\/pages\/1048"}],"collection":[{"href":"https:\/\/gaiaholistic.com\/index.php?rest_route=\/wp\/v2\/pages"}],"about":[{"href":"https:\/\/gaiaholistic.com\/index.php?rest_route=\/wp\/v2\/types\/page"}],"author":[{"embeddable":true,"href":"https:\/\/gaiaholistic.com\/index.php?rest_route=\/wp\/v2\/users\/1"}],"replies":[{"embeddable":true,"href":"https:\/\/gaiaholistic.com\/index.php?rest_route=%2Fwp%2Fv2%2Fcomments&post=1048"}],"version-history":[{"count":85,"href":"https:\/\/gaiaholistic.com\/index.php?rest_route=\/wp\/v2\/pages\/1048\/revisions"}],"predecessor-version":[{"id":1146,"href":"https:\/\/gaiaholistic.com\/index.php?rest_route=\/wp\/v2\/pages\/1048\/revisions\/1146"}],"wp:attachment":[{"href":"https:\/\/gaiaholistic.com\/index.php?rest_route=%2Fwp%2Fv2%2Fmedia&parent=1048"}],"curies":[{"name":"wp","href":"https:\/\/api.w.org\/{rel}","templated":true}]}}