{"id":1148,"date":"2015-09-19T01:15:33","date_gmt":"2015-09-19T01:15:33","guid":{"rendered":"https:\/\/gaiaholistic.com\/?page_id=1148"},"modified":"2015-09-19T02:19:19","modified_gmt":"2015-09-19T02:19:19","slug":"abc","status":"publish","type":"page","link":"https:\/\/gaiaholistic.com\/?page_id=1148","title":{"rendered":"<span style=\"display:none\">SP DrKazukoOnnetsuTherapy<\/span>"},"content":{"rendered":"<h2 class=\"heading\">OVERVIEW<\/h2>\n<h4 style=\"text-align: center;\">IMPRESIONANTE!! LA TERAPIA ONNETSU DRA. KAZULO ES UNA INVENCI\u00d3N REVOLUCIONARIA!!<\/h4>\n<div class=\"article-p\" style=\"text-align: center;\">Avance Tecnol\u00f3gico Ayudando a su propio poder de curaci\u00f3n y sin ning\u00fan efecto secundario.<\/div>\n<div style=\"text-align: left; margin:0 0 10px 0;\" >Terapias intensivas recientes en Cuba con 40 pacientes de c\u00e1ncer resultaron con una mejora en 38 pacientes. Un ejemplo se presenta abajo:<\/div>\n<table class=\"imgtable\" style=\"width:400px;\">\n<tr>\n<td>\n<div style=\"background:url('https:\/\/gaiaholistic.com\/wp-content\/uploads\/2015\/08\/EarJune12-2013.jpg') no-repeat; background-size:200px; width:200px; height:140px\" onclick=\"window.location='https:\/\/gaiaholistic.com\/wp-content\/uploads\/2015\/08\/EarJune12-2013.jpg'\"><\/div>\n<\/td>\n<td>\n<div style=\"background:url('https:\/\/gaiaholistic.com\/wp-content\/uploads\/2015\/08\/EarJune27-2013.jpg') no-repeat; background-size:200px; width:200px; height:140px\" onclick=\"window.location='https:\/\/gaiaholistic.com\/wp-content\/uploads\/2015\/08\/EarJune27-2013.jpg'\"><\/div>\n<\/td>\n<\/tr>\n<tr>\n<td>\n<div style=\"background:url('https:\/\/gaiaholistic.com\/wp-content\/uploads\/2015\/08\/DRKOT-31.jpg') no-repeat; background-size:200px; width:200px; height:140px\" onclick=\"window.location='https:\/\/gaiaholistic.com\/wp-content\/uploads\/2015\/08\/DRKOT-31.jpg'\"><\/div>\n<\/td>\n<td>\n<div style=\"background:url('https:\/\/gaiaholistic.com\/wp-content\/uploads\/2015\/08\/DRKOT-41.jpg') no-repeat; background-size:200px; width:200px; height:140px\" onclick=\"window.location='https:\/\/gaiaholistic.com\/wp-content\/uploads\/2015\/08\/DRKOT-41.jpg'\"><\/div>\n<\/td>\n<\/tr>\n<tr>\n<td><b>Junio 12th 2013<\/b><\/td>\n<td><b>Junio 27th 2013<\/b><\/td>\n<\/tr>\n<\/table>\n<p><\/p>\n<h4>Esta notable Terapia de los Rayos Infrarrojos Lejanos (calor comodo) se basa en 4 teor\u00edas cient\u00edficas para la salud:<\/h4>\n<ol class=\"postlist\">\n<li>Rayo infrarrojo lejano de NASA es la energ\u00eda de vibraci\u00f3n de sanaci\u00f3n del sol (8-14 micrones de onda).<\/li>\n<li>Concepto tradicional Japan\u00e9s de &#8220;c\u00e9lulas degeneradas (temperatura corporal) son fr\u00edas.&#8221;<\/li>\n<li>Nueva Inmunolog\u00eda de Dr. Abo. Mayor inmunidad al equilibrar el Sistema de Nervios Auton\u00f3mico.<\/li>\n<li>Usando Meridianos de Acupuntura para el flujo de la sangre, la linfa y la energ\u00eda Ki.<\/li>\n<\/ol>\n<p>Debido a que la Terapia Onnetsu cura el propio poder de curaci\u00f3n natural, es beneficioso en todas las enfermedades y problemas de salud cr\u00f3nicos sin efecto secundario alguno. Reci\u00e9n inventado Onnetsu KI y Onnetsu MAT de la Dra. Kazuko Tatsumura asiste en la consecuci\u00f3n definitiva de la Salud. Algunos profesionales, m\u00e9dicos, acupunturistas y especialistas de salud profesionales est\u00e1n tomando cursos de terapia con Dra. Kazuko y estan encontrando resultados extraordinarios.<\/p>\n<p>&nbsp;<\/p>\n<h2 class=\"heading\">DR. KAZUKO TERAPIA ONNETSU ES CONOCIDO POR SER \u00daTIL PARA MUCHAS ENFERMEDADES<\/h2>\n<h4>Si se practica correctamente, tales condiciones no saludables mejorar\u00e1n dram\u00e1ticamente.<\/h4>\n<ol class=\"postlist bullet\">\n<li>Funci\u00f3n y enfermedades de \u00f3rganos: Por ejemplo, la artritis, la sangre\/circulaci\u00f3n de la linfa, resfriado, c\u00e1ncer, diabetes, probalemas renales y muchos m\u00e1s (ver parte inferior de la p\u00e1gina para la lista completa)<\/li>\n<li>Mejora inmune a trav\u00e9s del sistema nervioso aut\u00f3nomo<\/li>\n<li>F\u00edsica y energ\u00eda mental<\/li>\n<li>La desintoxicaci\u00f3n de metales pesados, drogas y otras toxinas<\/li>\n<li>Cualquier molestia f\u00edsica<\/li>\n<li>Molestias, dolores y tensiones<\/li>\n<li>P\u00e9rdida de peso natural<\/li>\n<li>Reviviendo la juventud<\/li>\n<\/ol>\n<p>&nbsp;<\/p>\n<h2 class=\"heading\">COMO FUNCIONA?<\/h2>\n<p>La Terapia Onnetsu de los Rayos Infrarrojos Lejanos est\u00e1 basada en la ciencia moderna de los Rayos Infrarrojos Lejanos descubierta por la NASA y el concepto tradicional japon\u00e9s de la Moxabustion que las c\u00e9lulas no sanas est\u00e1n frias y bajas de energ\u00eda. La Terapia Onnetsu busca esos puntos fr\u00edos profundamente dentro de nuetro cuerpo y aplica el Rayo Infrarrojo Lejano del Sol con adecuado calor, usando la teor\u00edas de la Acupuntura y la Moxabustion. Los Rayos Infrarrojos Lejanos alcanzan 25.4 centimetros (10 pulgadas) de produndidad.<\/p>\n<p><img decoding=\"async\" class=\"aligncenter\" style=\"width: 400px;\" alt=\"\" src=\"https:\/\/gaiaholistic.com\/wp-content\/uploads\/2013\/03\/sunray.png\" \/><br \/>\n<img decoding=\"async\" class=\"aligncenter\" style=\"width: 400px;\" alt=\"\" src=\"https:\/\/gaiaholistic.com\/wp-content\/uploads\/2015\/08\/FIR-HeatEnergy.jpg\" \/><\/p>\n<p>&nbsp;<\/p>\n<p>La Terapia Onnetsu reanima la funci\u00f3n de los Sistemas Nerviosos Aut\u00f3nomos por el balance de los nervios Simp\u00e1ticos y Parasimp\u00e1ticos, promueve la circulaci\u00f3n de sangre, hormonas, otros fluidos del cuerpo, y el flujo de Ki. Mejora la calidad de las c\u00e9lulas blancas y eleva nuestra inmunidad. Como resultado de esto, se eleva el propio poder de sanaci\u00f3n, fortaleciendo la vitalidad para un Cuerpo y una Mente sana. Esto es completamente natural e inuoco. No hay efecto adversarios. Encontrar\u00e1 en usted mismo que todas las condiciones no sanas se mejorar\u00e1n. Tambi\u00e9n es ideal para el uso en tratamientos faciales y corporales.<\/p>\n<p>Deslizar el Onnetsu ki sobre la superficie de la piel usualmente es c\u00f3modo, pero hay puntos que se sienten muy calientes. Cuando encontramos estos \u201cPuntos calientes\u201d los cuales son puntos fr\u00edos, significa que hemos localizado c\u00e9lulas fr\u00edas no sanas dentro de nuestro cuerpo. Tratamos este punto y eventualmente deja de estar caliente y la salud comienza a mejorar.<\/p>\n<p><img loading=\"lazy\" decoding=\"async\" class=\"aligncenter size-full wp-image-571\" alt=\"2m\" src=\"https:\/\/gaiaholistic.com\/wp-content\/uploads\/2013\/03\/2m.png\" width=\"508\" height=\"221\" \/><\/p>\n<div class=\"tableofcontents\" style=\"margin-bottom: 60px; margin-top: 35px;\">\n<h4 style=\"font-size: 22px;\">Aprenda m\u00e1s sobre Onnetsu, el incre\u00edble aparato de Rayos Infrarrojos Lejanos y terapia:<\/h4>\n<ol class=\"postlist bullet\">\n<li><a href=\"https:\/\/gaiaholistic.com\/?page_id=131\">Que es Onnetsu?<\/a><\/li>\n<li><a title=\"Far Infra-Red\" href=\"https:\/\/gaiaholistic.com\/?page_id=119\">Que es Infrarrojo Lejano?<\/a><\/li>\n<li><a title=\"Harnessing the power of Far Infrared therapy\" href=\"https:\/\/gaiaholistic.com\/?page_id=541\">Aprovechar el podes de la Terapia Infrarroja Lejana<\/a><\/li>\n<li><a title=\"What is Moxa or Moxibustion?\" href=\"https:\/\/gaiaholistic.com\/?page_id=105\">Que es Moxa?<\/a><\/li>\n<li><a title=\"The 5 Onnetsu fundamentals\" href=\"https:\/\/gaiaholistic.com\/?page_id=103\">Los 5 fundamentos Onnetsu<\/a><\/li>\n<\/ol>\n<\/div>\n<h2 class=\"heading\">Comentarios de los m\u00e9dicos que utilizan la Terapia Onnetsu:<\/h2>\n<p><i>&#8220;Soy un cirujano ortop\u00e9dico. He usado la terapia infrarroja antes; pero no como ense\u00f1a la Dra. Kazuko ; El adaptador de la mano para la aplicaci\u00f3n de la onda del infrarrojo lejano, creado por la Dra. Kazuko con la combinaci\u00f3n de sitios de acupuntura , y la modificaci\u00f3n de Moxibusti\u00f3n que utiliza Dra. Kazuko, no s\u00f3lo es eficaz, pero f\u00e1cil de tratar muchas enfermedades diferentes; Los resultados son evidentes despu\u00e9s de un corto tiempo y no hay ning\u00fan aspecto invasivo que puede ser perjudicial; Lo he utilizado en mis pacientes con hombro, artritis cervical, lesiones de rodilla, todo ello sin medicamento en la mayor\u00eda de los casos. Quiero agradecer a la Dra. Kazuko por su introducci\u00f3n de la t\u00e9cnica.&#8221;<br \/>\n<\/i><b><i><br \/>\n<\/i><\/b><b>Dr. Stephen Joel Weiss, M.D.<\/b><b><i> <\/i><\/b><\/p>\n<p><i>&#8220;He estado utilizando esta tecnolog\u00eda Onnetsu en mis pacientes. Para mi sorpresa, los resultados han sido extraordinarios. Ha habido una respuesta positiva continua de todos mis pacientes que he tratado con Onnetsu, y estoy muy agradecida por haber tenido la oportunidad de haber estudiado con usted, la primera autoridad en esta modalidad de curaci\u00f3n incre\u00edble.&#8221;<\/i><b><i><br \/>\n<\/i><\/b><b>Dr. Carol S. Kessler, PhD, LAc, MS, LMT<\/b><\/p>\n<p align=\"left\"><i>&#8220;Terapia Onnetsu es una extraordinaria contribuci\u00f3n al mundo de la curaci\u00f3n natural y la Dra. Kazuko es la m\u00e1xima autoridad en este campo. Yo recomendar\u00eda el estudio y la incorporaci\u00f3n de esta modalidad a todos los profesionales de la salud que est\u00e1n deseosos de mejorar sus vidas y las vidas de sus pacientes.&#8221;<br \/>\n<\/i><b>Dr. Barry M. Mark, DDS, LAc, CAc, Hom<\/b><\/p>\n<p>&nbsp;<\/p>\n<h2 class=\"heading\">TERAPIA INFRARROJO LEJANO ES CONOCIDO POR SER \u00daTIL PARA MUCHAS ENFERMEDADES:<\/h2>\n<p>Tales como: varios tipos de c\u00e1ncer, abdominalgia, artritis, asma, dermatitis at\u00f3pica, desequilibrio auton\u00f3mico, la vejiga, la presi\u00f3n arterial, el trastorno bipolar, el infarto cerebral, tumor cerebral, anormalidades de los huesos, la capsulitis adhesiva del hombro, resfriado, arritmia cardiaca, cataratas, trombo cerebral , caballo Charley, leucemia cr\u00f3nica, colitis, ri\u00f1on contratado, \u00falcera duodenal, diabetes, problemas digestivos, mareos, disnea, problemas de ojo y o\u00eddo, fibromas, enfermedad de Graves-Basedow, \u00falcera g\u00e1strica, dolor de cabeza, ardor de est\u00f3mago, la hepatitis, hemorroides, hernia de disco, herpes zoster, el VIH, problemas de infertilidad, insomnio, neuralgia intercostal, problemas de ri\u00f1\u00f3n e h\u00edgado, enfermedad de cal, el dolor de espalda baja, linfedema, la enfermedad de Meniere, la migra\u00f1a, orinaci\u00f3n de noche, par\u00e1sitos, palpitaciones, enfermedad de Parkinson, la alergia al polen, prote\u00edna en la orina, reflujo esofagitis, reumatismo, rinitis, ataque de coraz\u00f3n, dolor ci\u00e1tico, falta de aliento, lesi\u00f3n de la columna, ojo tensa, problemas de tiroides, tinnitus, neuralgia del trig\u00e9mino, la tuberculosis, el tinnitus, neuralgia del trig\u00e9mino, la tuberculosis, tromboangiitis obliterantes, colitis ulcerosa, urocistitis, cistitis, v\u00f3mitos, latigazo cervical, xeroftalmia, ligamento amarillo, v\u00f3mitos, latigazo cervical, problemas diversos de las mujeres, problema de pr\u00f3stata, ayudando a la promoci\u00f3n del propio poder de curaci\u00f3n de uno. Tambi\u00e9n es muy \u00fatil para el tratamiento facial y spa de las damas.<\/p>\n<p>&nbsp;<\/p>\n<h2>COLCHONETA ONNETSUKI Y ONNETSU DE ONDA INFRARROJA LEJANA DE LA DRA. KAZUKO<\/h2>\n<h4>Un revolucionario dispositivo, avance que ayuda a sanar su propio poder de curaci\u00f3n sin efectos secundarios.<\/h4>\n<p>Este dispositivo extraordinario debe estar en cada familia para mejorar cualquier problema de salud y mantener a sus seres queridos sanos.<\/p>\n<p style=\"text-align: center;\"><img loading=\"lazy\" decoding=\"async\" class=\"aligncenter size-full wp-image-552\" alt=\"Onnestuki\" src=\"https:\/\/gaiaholistic.com\/wp-content\/uploads\/2013\/03\/Onnestuki1.png\" width=\"530\" height=\"187\" srcset=\"https:\/\/gaiaholistic.com\/wp-content\/uploads\/2013\/03\/Onnestuki1.png 530w, https:\/\/gaiaholistic.com\/wp-content\/uploads\/2013\/03\/Onnestuki1-300x105.png 300w\" sizes=\"(max-width: 530px) 100vw, 530px\" \/><\/p>\n<p>&nbsp;<\/p>\n<h2>TOME UNA CLASE DE TERAPIA ONNETSU CON LA DRA. KAZUKO<\/h2>\n<p>GAIGA cree en el beneficio, la efectividad, y la seguridad de la medicina hol\u00edstica y ofrece algunos recursos de medicina, entrenamiento y sesiones privadas integrales para promover la salud f\u00edsica y emocional.<\/p>\n<p><a title=\"Seminars &amp; Classes\" href=\"https:\/\/gaiaholistic.com\/?page_id=17\">Echa un vistazo a nuestra p\u00e1gina de Clases\/Seminario<\/a> o <a title=\"Contact\" href=\"https:\/\/gaiaholistic.com\/?page_id=8\">cont\u00e1ctenos.<\/a><\/p>\n<p>&nbsp;<\/p>\n","protected":false},"excerpt":{"rendered":"<p>OVERVIEW IMPRESIONANTE!! LA TERAPIA ONNETSU DRA. KAZULO ES UNA INVENCI\u00d3N REVOLUCIONARIA!! Avance Tecnol\u00f3gico Ayudando a su propio poder de curaci\u00f3n y sin ning\u00fan efecto secundario. Terapias intensivas recientes en Cuba con 40 pacientes de c\u00e1ncer resultaron con una mejora en 38 pacientes. Un ejemplo se presenta abajo: Junio 12th 2013 Junio 27th 2013 Esta notable [&hellip;]<\/p>\n","protected":false},"author":1,"featured_media":0,"parent":0,"menu_order":0,"comment_status":"closed","ping_status":"closed","template":"","meta":{"footnotes":""},"_links":{"self":[{"href":"https:\/\/gaiaholistic.com\/index.php?rest_route=\/wp\/v2\/pages\/1148"}],"collection":[{"href":"https:\/\/gaiaholistic.com\/index.php?rest_route=\/wp\/v2\/pages"}],"about":[{"href":"https:\/\/gaiaholistic.com\/index.php?rest_route=\/wp\/v2\/types\/page"}],"author":[{"embeddable":true,"href":"https:\/\/gaiaholistic.com\/index.php?rest_route=\/wp\/v2\/users\/1"}],"replies":[{"embeddable":true,"href":"https:\/\/gaiaholistic.com\/index.php?rest_route=%2Fwp%2Fv2%2Fcomments&post=1148"}],"version-history":[{"count":4,"href":"https:\/\/gaiaholistic.com\/index.php?rest_route=\/wp\/v2\/pages\/1148\/revisions"}],"predecessor-version":[{"id":1150,"href":"https:\/\/gaiaholistic.com\/index.php?rest_route=\/wp\/v2\/pages\/1148\/revisions\/1150"}],"wp:attachment":[{"href":"https:\/\/gaiaholistic.com\/index.php?rest_route=%2Fwp%2Fv2%2Fmedia&parent=1148"}],"curies":[{"name":"wp","href":"https:\/\/api.w.org\/{rel}","templated":true}]}}