{"id":1185,"date":"2015-09-23T02:52:47","date_gmt":"2015-09-23T02:52:47","guid":{"rendered":"https:\/\/gaiaholistic.com\/?page_id=1185"},"modified":"2015-09-23T02:52:47","modified_gmt":"2015-09-23T02:52:47","slug":"splibros-y-articulos","status":"publish","type":"page","link":"https:\/\/gaiaholistic.com\/?page_id=1185","title":{"rendered":"<span style=\"display:none\">SP<\/span>Libros y Art\u00edculos"},"content":{"rendered":"<h2 class=\"heading\">Books<\/h2>\n<p>Una serie de nueve libros sobre la salud y la espiritualidad est\u00e1n siendo escritos por varios autores y la Dra. Kazuko traducidos y publicados por KOKORO Publishing.<\/p>\n<div class=\"tableofcontents\">\n<p>La serie incluye los siguientes t\u00edtulos (sujetos a cambios y tentativos):<\/p>\n<ul>\n<li><a href=\"http:\/\/www.amazon.com\/Overcoming-cancer-other-diseases-holistic\/dp\/0970497903\/ref=sr_1_1?ie=UTF8&amp;s=books&amp;qid=1214490179&amp;sr=8-1\" target=\"_blank\"><strong>Overcoming Cancer and Other Difficult Diseases in a Holistic Way<\/strong><\/a><br \/>\nPor Tomeko Mitsui &#038; Kazuko Tatsumura Hillyer (publicado en 2003, segunda edici\u00f3n en 2007<\/li>\n<li><a href=\"http:\/\/www.amazon.com\/Your-Immune-Revolution-Healing-Power\/dp\/097049792X\/ref=sr_1_1?ie=UTF8&amp;s=books&amp;qid=1214488818&amp;sr=8-1\" target=\"_blank\"><strong>Your Immune Revolution and Healing Your Healing Power<br \/>\n<\/strong><\/a>Por Toru Abo y Kazuko Tatsumura Hillyer (publicado en 2007)<\/li>\n<li><a href=\"http:\/\/www.amazon.com\/Deep-Breath-Changes-Your-Spirit\/dp\/0970497938\/ref=sr_1_1?ie=UTF8&amp;qid=1365012612&amp;sr=8-1&amp;keywords=Deep+Breath++By++Osamu+Tatsumura\" target=\"_blank\"><strong>Deep Breath Changes Your Body and Mind\/Spirit<br \/>\n<\/strong><\/a>Por Osamu Tatsumura (publicado en 2008)<\/li>\n<li><a href=\"http:\/\/www.amazon.com\/Joy-Yoga-CREATING-HEALTH-BEAUTY\/dp\/0970497954\/ref=sr_1_1?s=books&amp;ie=UTF8&amp;qid=1365012706&amp;sr=1-1&amp;keywords=Joy+of+Yoga%2C+by+Masahiro+Oki+%26+Kazuko+Tatsumura\" target=\"_blank\"><strong>Joy of Yoga<br \/>\n<\/strong><\/a>Okido Yoga japonesa, por Masahiro Oki y Kazuko Tatsumura<\/li>\n<li><a href=\"http:\/\/www.amazon.com\/Kanrenbui-Mystery-Relationship-Fernando-Montoto\/dp\/0970497946\/ref=sr_1_fkmr0_1?s=books&amp;ie=UTF8&amp;qid=1365013109&amp;sr=1-1-fkmr0&amp;keywords=Kanrenbui+The+Mystery+of+the+Body%E2%80%99s+Relationship%2C+by+Fernando+%26+Paula+Montoto\" target=\"_blank\"><em>Kanrenbui <\/em><strong>The Mystery of the Body\u2019s Relationship<br \/>\n<\/strong><\/a>Por Fernando y Paula Montoto<\/li>\n<li><em><strong>KI<\/strong><\/em><strong> y Shinkiko<\/strong><\/li>\n<li><strong>Shintou<\/strong><\/li>\n<\/ul>\n<\/div>\n<p><a href=\"http:\/\/www.amazon.com\/Overcoming-cancer-other-diseases-holistic\/dp\/0970497903\/ref=sr_1_1?ie=UTF8&amp;s=books&amp;qid=1214490179&amp;sr=8-1\"><img loading=\"lazy\" decoding=\"async\" class=\"alignleft style=\u201dmargin: 0px 10px 0px 0px  wp-image-94\" alt=\"Overcoming-Cancer\" src=\"https:\/\/gaiaholistic.com\/wp-content\/uploads\/2013\/04\/Overcoming-Cancer.jpg\" width=\"187\" height=\"280\" \/><\/a><a href=\"http:\/\/www.amazon.com\/Overcoming-cancer-other-diseases-holistic\/dp\/0970497903\/ref=sr_1_1?ie=UTF8&amp;s=books&amp;qid=1214490179&amp;sr=8-1\" target=\"_blank\"><strong>Overcoming Cancer and Other Difficult Diseases in a Holistic Way<\/strong><\/a>, <em>Por Tomeko Mitsui &#038; Kazuko Tatsumura Hillyer (publicado en 2003, segunda edici\u00f3n en 2007)<\/em><\/p>\n<p><strong>Overcoming Cancer and Other Diseases in Holistic Way<\/strong> es una teor\u00eda de rayo infrarrojo lejando lejano Terapia Onnetsu, que incorpora el concepto de la medicina tradicional japonesa en combinaci\u00f3n con la innovadora tecnolog\u00eda del Rayo Infrarrojo Lejano japon\u00e9s. M\u00e9todo Onnetsu fue desarrollado por y Onnetsuki fue inventado por el difunto Tomeko Mitsui de Jap\u00f3n que fue un gran practicante de la medicina oriental. Mitsui y la Dra.Tatsumura trabajaron en el libro con la intenci\u00f3n de presentar esta nueva teor\u00eda hol\u00edstica de la salud para el lector con informaci\u00f3n pr\u00e1ctica. Est\u00e1 dise\u00f1ado para dar al lector la comprensi\u00f3n del enfoque hol\u00edstico a la salud en general, as\u00ed como instrucciones detalladas de c\u00f3mo aplicar Onnetsuki, una m\u00e1quina de Rayo Infrarrojo Lejano de mano, con el fin de tratar ciertas condiciones f\u00edsicas de una manera pr\u00e1ctica. Debe haber un Onnetsuki en cada hogar para cuidar de la mayor\u00eda de las molestias. Se trata de un libro para conseguir si usted est\u00e1 comprando una m\u00e1quina Onnetsuki.<\/p>\n<div style=\"clear: both; margin-bottom: 40px; height: 1px;\"><\/div>\n<p><a href=\"http:\/\/www.amazon.com\/Your-Immune-Revolution-Healing-Power\/dp\/097049792X\/ref=sr_1_1?ie=UTF8&amp;s=books&amp;qid=1214488818&amp;sr=8-1\"><img loading=\"lazy\" decoding=\"async\" class=\"style=\u201dmargin: 0px 10px 0px 0px wp-image-92 alignright\" alt=\"Immune-Revolution\" src=\"https:\/\/gaiaholistic.com\/wp-content\/uploads\/2013\/04\/Immune-Revolution.jpg\" width=\"187\" height=\"279\" \/><\/a><span style=\"text-decoration: underline;\"><a href=\"http:\/\/www.amazon.com\/Your-Immune-Revolution-Healing-Power\/dp\/097049792X\/ref=sr_1_1?ie=UTF8&amp;s=books&amp;qid=1214488818&amp;sr=8-1\" target=\"_blank\"><strong>Your Immune Revolution and Healing Your Healing Power<\/strong><\/a><\/span>, <em>Por Toru Abo y Kazuko Tatsumura Hillyer (publicado en 2007)<\/em> <strong>(Tambien disponible en Espa\u00f1ol)<\/strong><\/p>\n<p>En Jap\u00f3n, <strong>\u201cYour Immune Revolution\u201d por el Dr. Toru Abo<\/strong> ha sido uno de lo m\u00e1s vendidos a largo plazo. Ahora est\u00e1 disponible en Ingl\u00e9s! Es un libro revelador y inspirador que revela los peligros comunes en la pr\u00e1ctica de la medicina convencional, escrito por un m\u00e9dico de renombre y una de las autoridades m\u00e1s importantes de la inmunolog\u00eda en el mundo. Abo discute el mecanismo del sistema inmune en general, para restaurar la salud y tambi\u00e9n en la recuperaci\u00f3n de c\u00e1ncer y otras enfermedades dif\u00edciles. Esta versi\u00f3n en ingl\u00e9s tambi\u00e9n incluye un cap\u00edtulo adicional &#8220;Sanar Su Poder Curativo\u201d, escrito por Kazuko Tatsumura Hillyer, PhD, latraductora del libro. Ella introduce algunos conceptos hol\u00edsticos y m\u00e9todos pr\u00e1cticos para mejorar la inmunidad basada en la teor\u00eda del Dr. Abo, haciendo hincapi\u00e9 en que cualquier persona puede curarse a s\u00ed mismos.<\/p>\n<div style=\"clear: both; margin-bottom: 40px;\"><\/div>\n<p><a href=\"http:\/\/www.amazon.com\/Deep-Breath-Changes-Your-Spirit\/dp\/0970497938\/ref=sr_1_1?ie=UTF8&amp;qid=1365012612&amp;sr=8-1&amp;keywords=Deep+Breath++By++Osamu+Tatsumura\"><img loading=\"lazy\" decoding=\"async\" class=\"alignleft style=\u201dmargin: 0px 10px 0px 0px size-full wp-image-91\" alt=\"Deep-Breath\" src=\"https:\/\/gaiaholistic.com\/wp-content\/uploads\/2013\/03\/Deep-Breath.jpg\" width=\"188\" height=\"281\" \/><\/a><span style=\"text-decoration: underline;\"><a href=\"http:\/\/www.amazon.com\/Deep-Breath-Changes-Your-Spirit\/dp\/0970497938\/ref=sr_1_1?ie=UTF8&amp;qid=1365012612&amp;sr=8-1&amp;keywords=Deep+Breath++By++Osamu+Tatsumura\" target=\"_blank\"><strong>Deep Breath Changes Your Body and Mind\/Spirit<\/strong><\/a><\/span>, <em>Por Osamu Tatsumura (publicado en 2008)<\/em><\/p>\n<p><strong>Deep Breath Changes the Body and Mind \/ Spirit<\/strong> es un libro f\u00e1cil de seguir de ejercicio con enormes conocimientos y ejercicios pr\u00e1cticos para ayudarlo a respirar mejor para una mejor salud. La falta de aliento, o la falta de la clase correcta de respirar, puede causar muchos de los problemas que enfrentamos hoy en d\u00eda. En este libro, el autor explora la importancia de la respiraci\u00f3n para nuestra salud f\u00edsica y mental, el intercambio de una variedad de t\u00e9cnicas de respiraci\u00f3n \u00fanica, tanto tradicionales como innovadores, que son pr\u00e1cticas y dan resultados inmediatos en la soluci\u00f3n de estr\u00e9s, problemas para dormir, el exceso de peso, otros problemas de salud, etc.<\/p>\n<div style=\"clear: both; margin-bottom: 40px; height: 1px;\"><\/div>\n<p><a href=\"http:\/\/www.amazon.com\/Joy-Yoga-CREATING-HEALTH-BEAUTY\/dp\/0970497954\/ref=sr_1_1?s=books&amp;ie=UTF8&amp;qid=1365012706&amp;sr=1-1&amp;keywords=Joy+of+Yoga%2C+by+Masahiro+Oki+%26+Kazuko+Tatsumura\"><img loading=\"lazy\" decoding=\"async\" class=\"style=\u201dmargin: 0px 10px 0px 0px wp-image-96 alignright\" alt=\"The-Joy-of-Yoga\" src=\"https:\/\/gaiaholistic.com\/wp-content\/uploads\/2013\/04\/The-Joy-of-Yoga.jpg\" width=\"187\" height=\"281\" \/><\/a><span style=\"text-decoration: underline;\"><a href=\"http:\/\/www.amazon.com\/Joy-Yoga-CREATING-HEALTH-BEAUTY\/dp\/0970497954\/ref=sr_1_1?s=books&amp;ie=UTF8&amp;qid=1365012706&amp;sr=1-1&amp;keywords=Joy+of+Yoga%2C+by+Masahiro+Oki+%26+Kazuko+Tatsumura\" target=\"_blank\"><strong>Joy of Yoga<\/strong><\/a><\/span>, <em>Okido Yoga japonesa, por Masahiro Oki y Kazuko Tatsumura<\/em><\/p>\n<p>El yoga es el m\u00e9todo m\u00e1s eficaz para la belleza y la salud. El yoga puede arreglar la mayor\u00eda de nuestros problemas emocionales y f\u00edsicos. Incluso hacer sus deseos realidad. El yoga no es s\u00f3lo el ejercicio f\u00edsico, sino tambi\u00e9n el camino a la verdadera felicidad de la mente.<\/p>\n<div style=\"clear: both; margin-bottom: 40px; height: 1px;\"><\/div>\n<p><a href=\"http:\/\/www.amazon.com\/Kanrenbui-Mystery-Relationship-Fernando-Montoto\/dp\/0970497946\/ref=sr_1_fkmr0_1?s=books&amp;ie=UTF8&amp;qid=1365013109&amp;sr=1-1-fkmr0&amp;keywords=Kanrenbui+The+Mystery+of+the+Body%E2%80%99s+Relationship%2C+by+Fernando+%26+Paula+Montoto\"><img loading=\"lazy\" decoding=\"async\" class=\"alignleft style=\u201dmargin: 0px 10px 0px 0px size-full wp-image-93\" alt=\"Kanrenbu\" src=\"https:\/\/gaiaholistic.com\/wp-content\/uploads\/2013\/03\/Kanrenbu.jpg\" width=\"188\" height=\"281\" \/><\/a><a href=\"http:\/\/www.amazon.com\/Kanrenbui-Mystery-Relationship-Fernando-Montoto\/dp\/0970497946\/ref=sr_1_fkmr0_1?s=books&amp;ie=UTF8&amp;qid=1365013109&amp;sr=1-1-fkmr0&amp;keywords=Kanrenbui+The+Mystery+of+the+Body%E2%80%99s+Relationship%2C+by+Fernando+%26+Paula+Montoto\" target=\"_blank\"><em>Kanrenbui <\/em><span style=\"text-decoration: underline;\"><strong>The Mystery of the Body\u2019s Relationship<\/strong><\/span><\/a>, <em>Por Fernando y Paula Montoto<\/em><\/p>\n<p>Con una pr\u00e1ctica dedicada y consciente, se puede proporcionar una terapia sin efectos secundarios y con excelentes resultados a varias personas que sufren alg\u00fan tipo de desequilibrio o deficiencia de la salud. Kanrenbui es una t\u00e9cnica muy beneficiosa para el equilibrio humano. El tratamiento debe hacerse no a trav\u00e9s de los s\u00edntomas, pero a trav\u00e9s del fortalecimiento del tanden- el centro f\u00edsico y la energ\u00eda del cuerpo- que conduce a la persona a desarrollar la armon\u00eda del cuerpo y de la mente. Es por tanto un tratamiento m\u00e1s hol\u00edstico. Karenbui es un estudio con registros en la medicina oriental, desarrolladas y ampliadas en Jap\u00f3n. Hasta hoy, el estudio de Karenbui se transmite de padres a hijos, de maestro a alumno, de generaci\u00f3n en generaci\u00f3n, como es t\u00edpico de las antiguas tradiciones.<\/p>\n<div style=\"clear: both; margin-bottom: 40px; height: 1px;\"><\/div>\n<h2 class=\"heading\">ARTICULOS<\/h2>\n<p>Dra. Kazuko Tatsumura ha escrito numerosos art\u00edculos. Los siguientes son algunos de los t\u00edtulos. Por favor pregunte si usted est\u00e1 interesado.<\/p>\n<ol class=\"postlist bullet\">\n<li>\n<div><a title=\"About Mother Teresa\" href=\"https:\/\/gaiaholistic.com\/?p=213\">&#8220;Acerca de la Madre Teresa&#8221;<\/a><\/div>\n<\/li>\n<li>\n<div><a title=\"For Children of the Hjmalaya\" href=\"https:\/\/gaiaholistic.com\/?p=216\">&#8220;Para los ni\u00f1os del Hjmalaya&#8221;<\/a><\/div>\n<\/li>\n<li>\n<div><a title=\"Immunity of Mind \/ Heart\" href=\"https:\/\/gaiaholistic.com\/?p=222\">&#8220;La inmunidad de la mente \/ coraz\u00f3n&#8221;<\/a><\/div>\n<\/li>\n<li>\n<div><a title=\"Summer of 1945\" href=\"https:\/\/gaiaholistic.com\/?p=224\">&#8220;Verano de 1945&#8221;<\/a><\/div>\n<\/li>\n<li>\n<div><a title=\"To Become Aware of \u201cKi\u201d\" href=\"https:\/\/gaiaholistic.com\/?p=226\">&#8220;Para tomar conciencia de &#8220;Ki&#8221;<\/a><\/div>\n<\/li>\n<li>\n<div><a title=\"My Thoughts on Katrina\u2019s Tragedy\" href=\"https:\/\/gaiaholistic.com\/?p=229\">&#8220;pensamientos sobre la tragedia de Katrina&#8221;<\/a><\/div>\n<\/li>\n<\/ul>\n","protected":false},"excerpt":{"rendered":"<p>Books Una serie de nueve libros sobre la salud y la espiritualidad est\u00e1n siendo escritos por varios autores y la Dra. Kazuko traducidos y publicados por KOKORO Publishing. La serie incluye los siguientes t\u00edtulos (sujetos a cambios y tentativos): Overcoming Cancer and Other Difficult Diseases in a Holistic Way Por Tomeko Mitsui &#038; Kazuko Tatsumura [&hellip;]<\/p>\n","protected":false},"author":1,"featured_media":0,"parent":0,"menu_order":0,"comment_status":"closed","ping_status":"closed","template":"","meta":{"footnotes":""},"_links":{"self":[{"href":"https:\/\/gaiaholistic.com\/index.php?rest_route=\/wp\/v2\/pages\/1185"}],"collection":[{"href":"https:\/\/gaiaholistic.com\/index.php?rest_route=\/wp\/v2\/pages"}],"about":[{"href":"https:\/\/gaiaholistic.com\/index.php?rest_route=\/wp\/v2\/types\/page"}],"author":[{"embeddable":true,"href":"https:\/\/gaiaholistic.com\/index.php?rest_route=\/wp\/v2\/users\/1"}],"replies":[{"embeddable":true,"href":"https:\/\/gaiaholistic.com\/index.php?rest_route=%2Fwp%2Fv2%2Fcomments&post=1185"}],"version-history":[{"count":1,"href":"https:\/\/gaiaholistic.com\/index.php?rest_route=\/wp\/v2\/pages\/1185\/revisions"}],"predecessor-version":[{"id":1186,"href":"https:\/\/gaiaholistic.com\/index.php?rest_route=\/wp\/v2\/pages\/1185\/revisions\/1186"}],"wp:attachment":[{"href":"https:\/\/gaiaholistic.com\/index.php?rest_route=%2Fwp%2Fv2%2Fmedia&parent=1185"}],"curies":[{"name":"wp","href":"https:\/\/api.w.org\/{rel}","templated":true}]}}